{"id":63,"date":"2024-04-11T19:24:59","date_gmt":"2024-04-11T19:24:59","guid":{"rendered":"https:\/\/parisbaguette.ca\/?page_id=63"},"modified":"2026-04-29T13:35:07","modified_gmt":"2026-04-29T17:35:07","slug":"frontpage","status":"publish","type":"page","link":"https:\/\/parisbaguette.ca\/fr\/","title":{"rendered":"Maison"},"content":{"rendered":"<div class=\"wp-block-cover alignfull section feature\"><img loading=\"lazy\" decoding=\"async\" width=\"1024\" height=\"683\" class=\"wp-block-cover__image-background wp-image-11999 size-large\" alt=\"\" src=\"https:\/\/parisbaguette.ca\/wp-content\/uploads\/2026\/03\/Nutella-3-1024x683.jpg\" data-object-fit=\"cover\" srcset=\"https:\/\/parisbaguette.ca\/wp-content\/uploads\/2026\/03\/Nutella-3-1024x683.jpg 1024w, https:\/\/parisbaguette.ca\/wp-content\/uploads\/2026\/03\/Nutella-3-300x200.jpg 300w, https:\/\/parisbaguette.ca\/wp-content\/uploads\/2026\/03\/Nutella-3-768x512.jpg 768w, https:\/\/parisbaguette.ca\/wp-content\/uploads\/2026\/03\/Nutella-3-1536x1024.jpg 1536w, https:\/\/parisbaguette.ca\/wp-content\/uploads\/2026\/03\/Nutella-3-18x12.jpg 18w, https:\/\/parisbaguette.ca\/wp-content\/uploads\/2026\/03\/Nutella-3-600x400.jpg 600w, https:\/\/parisbaguette.ca\/wp-content\/uploads\/2026\/03\/Nutella-3.jpg 1920w\" sizes=\"auto, (max-width: 1024px) 100vw, 1024px\" \/><span aria-hidden=\"true\" class=\"wp-block-cover__background has-black-background-color has-background-dim-20 has-background-dim\"><\/span><div class=\"wp-block-cover__inner-container is-layout-constrained wp-block-cover-is-layout-constrained\"><style>@media only screen and (max-width: 1200px) {.gb-69fb167e9f5fe{font-size: 40px!important;}}@media only screen and (max-width: 600px) {.gb-69fb167e9f5fe{font-size: 30px!important;}}<\/style>\n<h2 class=\"gb-69fb167e9f5fe wp-block-heading has-text-align-center has-text-color has-link-color wp-elements-080b2dd5d6433113ab79681b57338309\" style=\"color:#ffffff;font-size:48px\">Fabriqu\u00e9 avec<\/h2>\n\n\n<style>@media only screen and (max-width: 1200px) {.gb-69fb167ea7870{font-size: 75px!important;}}@media only screen and (max-width: 600px) {.gb-69fb167ea7870{font-size: 48px!important;}}<\/style>\n<h1 class=\"gb-69fb167ea7870 wp-block-heading has-text-align-center has-text-color has-link-color wp-elements-1dd0ba791edbe4e6f0cf7dd04faf0ae1\" style=\"color:#ffffff;font-size:90px;line-height:1\">Nutella<sup>\u00ae<\/sup><\/h1>\n\n\n\n<div style=\"height:40px\" aria-hidden=\"true\" class=\"wp-block-spacer\"><\/div>\n\n\n\n<div class=\"wp-block-buttons is-content-justification-center is-layout-flex wp-container-core-buttons-is-layout-16018d1d wp-block-buttons-is-layout-flex\">\n<div class=\"wp-block-button is-style-fill\"><a class=\"wp-block-button__link has-theme-primary-background-color has-text-color has-background has-link-color has-text-align-center wp-element-button\" href=\"\/fr\/menu\/\" style=\"color:#ffffff\">Voir le menu<\/a><\/div>\n<\/div>\n<\/div><\/div>\n\n\n\n<div class=\"wp-block-group alignfull section seasonal\"><div class=\"wp-block-group__inner-container is-layout-constrained wp-block-group-is-layout-constrained\">\n<div style=\"height:80px\" aria-hidden=\"true\" class=\"wp-block-spacer\"><\/div>\n\n\n\n<div class=\"wp-block-genesis-blocks-gb-columns gb-layout-columns-3 gb-3-col-equal\"><div class=\"gb-layout-column-wrap gb-block-layout-column-gap-2 gb-is-responsive-column\">\n<div class=\"wp-block-genesis-blocks-gb-column item gb-block-layout-column\"><div class=\"gb-block-layout-column-inner\">\n<figure class=\"wp-block-image size-large\"><img loading=\"lazy\" decoding=\"async\" width=\"1920\" height=\"1079\" src=\"https:\/\/parisbaguette.ca\/wp-content\/uploads\/2026\/04\/MothersDay-1-edited.jpg\" alt=\"\" class=\"wp-image-13412\" srcset=\"https:\/\/parisbaguette.ca\/wp-content\/uploads\/2026\/04\/MothersDay-1-edited.jpg 1920w, https:\/\/parisbaguette.ca\/wp-content\/uploads\/2026\/04\/MothersDay-1-edited-300x169.jpg 300w, https:\/\/parisbaguette.ca\/wp-content\/uploads\/2026\/04\/MothersDay-1-edited-1024x575.jpg 1024w, https:\/\/parisbaguette.ca\/wp-content\/uploads\/2026\/04\/MothersDay-1-edited-768x432.jpg 768w, https:\/\/parisbaguette.ca\/wp-content\/uploads\/2026\/04\/MothersDay-1-edited-1536x863.jpg 1536w, https:\/\/parisbaguette.ca\/wp-content\/uploads\/2026\/04\/MothersDay-1-edited-18x10.jpg 18w\" sizes=\"auto, (max-width: 1920px) 100vw, 1920px\" \/><\/figure>\n\n\n\n<h2 class=\"wp-block-heading\">Fait pour maman<\/h2>\n\n\n\n<div class=\"wp-block-group seasonal-content\"><div class=\"wp-block-group__inner-container is-layout-constrained wp-block-group-is-layout-constrained\">\n<p>C\u00e9l\u00e9brez votre maman avec une douceur \u2014 d\u00e9couvrez nos g\u00e2teaux et macarons sp\u00e9ciaux pour la f\u00eate des m\u00e8res, disponibles pour une dur\u00e9e limit\u00e9e.<\/p>\n<\/div><\/div>\n\n\n\n<div class=\"wp-block-group menu-item-links\"><div class=\"wp-block-group__inner-container is-layout-constrained wp-block-group-is-layout-constrained\"><a class=\"order-online\" href=\"https:\/\/order.parisbaguette.ca\/locations\" target=\"_blank\" rel=\"nofollow noreferrer\">Commandez maintenant<\/a>\n\n\n\n<div class=\"wp-block-buttons is-layout-flex wp-block-buttons-is-layout-flex\">\n<div class=\"wp-block-button has-custom-width wp-block-button__width-100\"><a class=\"wp-block-button__link wp-element-button\" href=\"https:\/\/parisbaguette.ca\/fr\/menu\/#mothers-day-cakes\">D\u00e9tails<\/a><\/div>\n<\/div>\n<\/div><\/div>\n<\/div><\/div>\n\n\n\n<div class=\"wp-block-genesis-blocks-gb-column item gb-block-layout-column\"><div class=\"gb-block-layout-column-inner\">\n<figure class=\"wp-block-image size-large\"><img loading=\"lazy\" decoding=\"async\" width=\"1920\" height=\"1079\" src=\"https:\/\/parisbaguette.ca\/wp-content\/uploads\/2026\/04\/Nutella-3-edited.jpg\" alt=\"\" class=\"wp-image-13393\" srcset=\"https:\/\/parisbaguette.ca\/wp-content\/uploads\/2026\/04\/Nutella-3-edited.jpg 1920w, https:\/\/parisbaguette.ca\/wp-content\/uploads\/2026\/04\/Nutella-3-edited-300x169.jpg 300w, https:\/\/parisbaguette.ca\/wp-content\/uploads\/2026\/04\/Nutella-3-edited-1024x575.jpg 1024w, https:\/\/parisbaguette.ca\/wp-content\/uploads\/2026\/04\/Nutella-3-edited-768x432.jpg 768w, https:\/\/parisbaguette.ca\/wp-content\/uploads\/2026\/04\/Nutella-3-edited-1536x863.jpg 1536w, https:\/\/parisbaguette.ca\/wp-content\/uploads\/2026\/04\/Nutella-3-edited-18x10.jpg 18w\" sizes=\"auto, (max-width: 1920px) 100vw, 1920px\" \/><\/figure>\n\n\n\n<h2 class=\"wp-block-heading\">Plongez dans le Nutella printanier<sup>\u00ae<\/sup><\/h2>\n\n\n\n<div class=\"wp-block-group seasonal-content\"><div class=\"wp-block-group__inner-container is-layout-constrained wp-block-group-is-layout-constrained\">\n<p>Le printemps, c&#039;est le Nutella qui prime !<sup>\u00ae<\/sup> Chez Paris Baguette. Si vous n&#039;avez pas encore go\u00fbt\u00e9 votre baguette pr\u00e9f\u00e9r\u00e9e, qu&#039;attendez-vous ?<\/p>\n<\/div><\/div>\n\n\n\n<div class=\"wp-block-group menu-item-links\"><div class=\"wp-block-group__inner-container is-layout-constrained wp-block-group-is-layout-constrained\"><a class=\"order-online\" href=\"https:\/\/order.parisbaguette.ca\/locations\" target=\"_blank\" rel=\"nofollow noreferrer\">Commandez maintenant<\/a>\n\n\n\n<div class=\"wp-block-buttons is-layout-flex wp-block-buttons-is-layout-flex\">\n<div class=\"wp-block-button has-custom-width wp-block-button__width-100\"><a class=\"wp-block-button__link wp-element-button\" href=\"https:\/\/parisbaguette.ca\/fr\/menu\/#seasonal-sweets\">D\u00e9tails<\/a><\/div>\n<\/div>\n<\/div><\/div>\n<\/div><\/div>\n\n\n\n<div class=\"wp-block-genesis-blocks-gb-column item gb-block-layout-column\"><div class=\"gb-block-layout-column-inner\">\n<figure class=\"wp-block-image size-large\"><img loading=\"lazy\" decoding=\"async\" width=\"1920\" height=\"1080\" src=\"https:\/\/parisbaguette.ca\/wp-content\/uploads\/2026\/03\/KoreanBBQ-1-edited.jpg\" alt=\"\" class=\"wp-image-12516\" srcset=\"https:\/\/parisbaguette.ca\/wp-content\/uploads\/2026\/03\/KoreanBBQ-1-edited.jpg 1920w, https:\/\/parisbaguette.ca\/wp-content\/uploads\/2026\/03\/KoreanBBQ-1-edited-300x169.jpg 300w, https:\/\/parisbaguette.ca\/wp-content\/uploads\/2026\/03\/KoreanBBQ-1-edited-1024x576.jpg 1024w, https:\/\/parisbaguette.ca\/wp-content\/uploads\/2026\/03\/KoreanBBQ-1-edited-768x432.jpg 768w, https:\/\/parisbaguette.ca\/wp-content\/uploads\/2026\/03\/KoreanBBQ-1-edited-1536x864.jpg 1536w, https:\/\/parisbaguette.ca\/wp-content\/uploads\/2026\/03\/KoreanBBQ-1-edited-18x10.jpg 18w\" sizes=\"auto, (max-width: 1920px) 100vw, 1920px\" \/><\/figure>\n\n\n\n<h2 class=\"wp-block-heading\">Barbecue cor\u00e9en<\/h2>\n\n\n\n<div class=\"wp-block-group seasonal-content\"><div class=\"wp-block-group__inner-container is-layout-constrained wp-block-group-is-layout-constrained\">\n<p>Rehaussez le go\u00fbt avec notre nouvelle gamme de barbecue cor\u00e9en, du grilled cheese aux limonades \u00e0 la menthe fra\u00eeche.<\/p>\n<\/div><\/div>\n\n\n\n<div class=\"wp-block-group menu-item-links\"><div class=\"wp-block-group__inner-container is-layout-constrained wp-block-group-is-layout-constrained\"><a class=\"order-online\" href=\"https:\/\/order.parisbaguette.ca\/locations\" target=\"_blank\" rel=\"nofollow noreferrer\">Commandez maintenant<\/a>\n\n\n\n<div class=\"wp-block-buttons is-layout-flex wp-block-buttons-is-layout-flex\">\n<div class=\"wp-block-button has-custom-width wp-block-button__width-100\"><a class=\"wp-block-button__link wp-element-button\" href=\"https:\/\/parisbaguette.ca\/fr\/menu\/#seasonal-savouries\">D\u00e9tails<\/a><\/div>\n<\/div>\n<\/div><\/div>\n<\/div><\/div>\n<\/div><\/div>\n\n\n\n<div style=\"height:80px\" aria-hidden=\"true\" class=\"wp-block-spacer\"><\/div>\n<\/div><\/div>\n\n\n\n<div class=\"wp-block-group alignfull section rewards has-theme-primary-background-color has-text-color has-background has-link-color wp-elements-a6bffa889b97611b297e4e2632789f46\" style=\"color:#ffffff\"><div class=\"wp-block-group__inner-container is-layout-constrained wp-block-group-is-layout-constrained\">\n<div style=\"height:50px\" aria-hidden=\"true\" class=\"wp-block-spacer\"><\/div>\n\n\n\n<div class=\"wp-block-genesis-blocks-gb-columns gb-layout-columns-2 gb-2-col-wideleft\"><div class=\"gb-layout-column-wrap gb-block-layout-column-gap-4 gb-is-responsive-column\">\n<div class=\"wp-block-genesis-blocks-gb-column text gb-block-layout-column\"><div class=\"gb-block-layout-column-inner\">\n<div style=\"height:50px\" aria-hidden=\"true\" class=\"wp-block-spacer\"><\/div>\n\n\n<style>@media only screen and (max-width: 1200px) {.gb-69fb167eaf9a5{font-size: 48px!important;}}@media only screen and (max-width: 600px) {.gb-69fb167eaf9a5{font-size: 36px!important;}}<\/style>\n<h2 class=\"gb-69fb167eaf9a5 wp-block-heading signature b-icon has-text-color has-link-color wp-elements-18233cdcd1fac5ba6f72359a292ae788\" style=\"color:#ffffff;font-size:70px\">R\u00e9compenses<\/h2>\n\n\n\n<div style=\"height:20px\" aria-hidden=\"true\" class=\"wp-block-spacer\"><\/div>\n\n\n<style>@media only screen and (max-width: 1200px) {.gb-69fb167eb55e3{font-size: 36px!important;}}@media only screen and (max-width: 600px) {.gb-69fb167eb55e3{font-size: 30px!important;}}<\/style>\n<h2 class=\"gb-69fb167eb55e3 wp-block-heading underline has-text-color has-link-color wp-elements-f8a951f425ef3bfea1a987f30a174c7a\" style=\"color:#ffffff;font-size:48px;line-height:1\">Gagnez, \u00e9changez, r\u00e9p\u00e9tez<\/h2>\n\n\n\n<div style=\"height:5px\" aria-hidden=\"true\" class=\"wp-block-spacer\"><\/div>\n\n\n<style>@media only screen and (max-width: 1200px) {.gb-69fb167ebb281{font-size: 24px!important;}}@media only screen and (max-width: 600px) {.gb-69fb167ebb281{font-size: 21px!important;}}<\/style>\n<p class=\"gb-69fb167ebb281\" style=\"font-size:26px;font-style:normal;font-weight:300;line-height:1.25\">T\u00e9l\u00e9chargez notre application mobile pour commencer \u00e0 gagner des p\u00e2tisseries, des boissons et bien plus encore avec PB Rewards. B\u00e9n\u00e9ficiez d&#039;une p\u00e2tisserie gratuite* lors de votre premier achat lorsque vous vous inscrivez dans l&#039;application.<\/p>\n\n\n\n<div style=\"height:10px\" aria-hidden=\"true\" class=\"wp-block-spacer\"><\/div>\n\n\n<div class=\"app-store-links\"><a class=\"app apple active\" href=\"https:\/\/apps.apple.com\/app\/paris-baguette-canada\/id6566177318\" target=\"_blank\" rel=\"nofollow noreferrer\"><img decoding=\"async\" src=\"https:\/\/parisbaguette.ca\/wp-content\/themes\/paris-baguette-2024\/images\/apple-app-store.png\" alt=\"Download on the Apple App Store\" \/>T\u00e9l\u00e9charger sur l&#039;App Store d&#039;Apple<\/a><a class=\"app google active\" href=\"https:\/\/play.google.com\/store\/apps\/details?id=com.parisbaguettecanada.app\" target=\"_blank\" rel=\"nofollow noreferrer\"><img decoding=\"async\" src=\"https:\/\/parisbaguette.ca\/wp-content\/themes\/paris-baguette-2024\/images\/google-play-store.png\" alt=\"Download on Google Play\" \/>T\u00e9l\u00e9charger sur Google Play<\/a><\/div>\n\n\n\n<div style=\"height:20px\" aria-hidden=\"true\" class=\"wp-block-spacer\"><\/div>\n\n\n\n<p class=\"has-small-font-size\"><em>*Nouveaux membres PB Rewards uniquement<\/em><\/p>\n\n\n\n<div style=\"height:50px\" aria-hidden=\"true\" class=\"wp-block-spacer\"><\/div>\n<\/div><\/div>\n\n\n\n<div class=\"wp-block-genesis-blocks-gb-column image gb-block-layout-column\"><div class=\"gb-block-layout-column-inner\">\n<figure class=\"wp-block-image size-full\"><img loading=\"lazy\" decoding=\"async\" width=\"1388\" height=\"2287\" src=\"https:\/\/parisbaguette.ca\/wp-content\/uploads\/2024\/09\/rewards-phone-202409.jpg\" alt=\"\" class=\"wp-image-9153\" srcset=\"https:\/\/parisbaguette.ca\/wp-content\/uploads\/2024\/09\/rewards-phone-202409.jpg 1388w, https:\/\/parisbaguette.ca\/wp-content\/uploads\/2024\/09\/rewards-phone-202409-182x300.jpg 182w, https:\/\/parisbaguette.ca\/wp-content\/uploads\/2024\/09\/rewards-phone-202409-621x1024.jpg 621w, https:\/\/parisbaguette.ca\/wp-content\/uploads\/2024\/09\/rewards-phone-202409-768x1265.jpg 768w, https:\/\/parisbaguette.ca\/wp-content\/uploads\/2024\/09\/rewards-phone-202409-932x1536.jpg 932w, https:\/\/parisbaguette.ca\/wp-content\/uploads\/2024\/09\/rewards-phone-202409-1243x2048.jpg 1243w, https:\/\/parisbaguette.ca\/wp-content\/uploads\/2024\/09\/rewards-phone-202409-7x12.jpg 7w\" sizes=\"auto, (max-width: 1388px) 100vw, 1388px\" \/><\/figure>\n<\/div><\/div>\n<\/div><\/div>\n<\/div><\/div>\n\n\n\n<div class=\"wp-block-group alignfull section browse\"><div class=\"wp-block-group__inner-container is-layout-constrained wp-block-group-is-layout-constrained\">\n<div style=\"height:80px\" aria-hidden=\"true\" class=\"wp-block-spacer\"><\/div>\n\n\n\n<div class=\"wp-block-media-text is-stacked-on-mobile is-image-fill-element\"><figure class=\"wp-block-media-text__media\"><img loading=\"lazy\" decoding=\"async\" width=\"1024\" height=\"683\" src=\"https:\/\/parisbaguette.ca\/wp-content\/uploads\/2025\/01\/2024_0910_ParisBaguette_DW9_6555-1024x683.jpg?wsr\" alt=\"\" class=\"wp-image-10099 size-full\" style=\"object-position:50% 50%\" srcset=\"https:\/\/parisbaguette.ca\/wp-content\/uploads\/2025\/01\/2024_0910_ParisBaguette_DW9_6555-1024x683.jpg 1024w, https:\/\/parisbaguette.ca\/wp-content\/uploads\/2025\/01\/2024_0910_ParisBaguette_DW9_6555-300x200.jpg 300w, https:\/\/parisbaguette.ca\/wp-content\/uploads\/2025\/01\/2024_0910_ParisBaguette_DW9_6555-768x512.jpg 768w, https:\/\/parisbaguette.ca\/wp-content\/uploads\/2025\/01\/2024_0910_ParisBaguette_DW9_6555-1536x1024.jpg 1536w, https:\/\/parisbaguette.ca\/wp-content\/uploads\/2025\/01\/2024_0910_ParisBaguette_DW9_6555-18x12.jpg 18w, https:\/\/parisbaguette.ca\/wp-content\/uploads\/2025\/01\/2024_0910_ParisBaguette_DW9_6555-600x400.jpg 600w, https:\/\/parisbaguette.ca\/wp-content\/uploads\/2025\/01\/2024_0910_ParisBaguette_DW9_6555.jpg 1920w\" sizes=\"auto, (max-width: 1024px) 100vw, 1024px\" \/><\/figure><div class=\"wp-block-media-text__content\">\n<div class=\"wp-block-genesis-blocks-gb-columns gb-layout-columns-2 gb-2-col-wideright\"><div class=\"gb-layout-column-wrap gb-block-layout-column-gap-2 gb-is-responsive-column\">\n<div class=\"wp-block-genesis-blocks-gb-column gb-block-layout-column\"><div class=\"gb-block-layout-column-inner\">\n<figure class=\"wp-block-image size-full\"><img decoding=\"async\" src=\"https:\/\/parisbaguette.ca\/wp-content\/uploads\/2024\/04\/icon-bakery.svg\" alt=\"\" class=\"wp-image-192\"\/><\/figure>\n<\/div><\/div>\n\n\n\n<div class=\"wp-block-genesis-blocks-gb-column gb-block-layout-column\"><div class=\"gb-block-layout-column-inner\">\n<h3 class=\"wp-block-heading\" style=\"font-size:32px\">Boulangerie<\/h3>\n\n\n\n<p style=\"line-height:1.25\">Une d\u00e9licieuse vari\u00e9t\u00e9 de p\u00e2tisseries sucr\u00e9es et sal\u00e9es, de pains et de beignets fra\u00eechement sortis du four chaque jour.<\/p>\n\n\n\n<div class=\"wp-block-group links\"><div class=\"wp-block-group__inner-container is-layout-constrained wp-block-group-is-layout-constrained\"><a class=\"order-online\" href=\"https:\/\/order.parisbaguette.ca\/locations\" target=\"_blank\" rel=\"nofollow noreferrer\">Commandez maintenant<\/a>\n\n\n\n<div class=\"wp-block-buttons is-layout-flex wp-block-buttons-is-layout-flex\">\n<div class=\"wp-block-button\"><a class=\"wp-block-button__link wp-element-button\" href=\"https:\/\/parisbaguette.ca\/fr\/menu\/#sweets-pastries\">D\u00e9tails<\/a><\/div>\n<\/div>\n<\/div><\/div>\n<\/div><\/div>\n<\/div><\/div>\n\n\n\n<hr class=\"wp-block-separator has-alpha-channel-opacity is-style-dots\"\/>\n\n\n\n<div class=\"wp-block-genesis-blocks-gb-columns gb-layout-columns-2 gb-2-col-wideright\"><div class=\"gb-layout-column-wrap gb-block-layout-column-gap-2 gb-is-responsive-column\">\n<div class=\"wp-block-genesis-blocks-gb-column gb-block-layout-column\"><div class=\"gb-block-layout-column-inner\">\n<figure class=\"wp-block-image size-full\"><img decoding=\"async\" src=\"https:\/\/parisbaguette.ca\/wp-content\/uploads\/2024\/04\/icon-cake.svg\" alt=\"\" class=\"wp-image-191\"\/><\/figure>\n<\/div><\/div>\n\n\n\n<div class=\"wp-block-genesis-blocks-gb-column gb-block-layout-column\"><div class=\"gb-block-layout-column-inner\">\n<h3 class=\"wp-block-heading\" style=\"font-size:32px\">G\u00e2teaux<\/h3>\n\n\n\n<p style=\"line-height:1.25\">R\u00e9alis\u00e9s par nos ma\u00eetres p\u00e2tissiers et d\u00e9cor\u00e9s \u00e0 la perfection, jusque dans les moindres d\u00e9tails.<\/p>\n\n\n\n<div class=\"wp-block-group links\"><div class=\"wp-block-group__inner-container is-layout-constrained wp-block-group-is-layout-constrained\"><a class=\"order-online\" href=\"https:\/\/order.parisbaguette.ca\/locations\" target=\"_blank\" rel=\"nofollow noreferrer\">Commandez maintenant<\/a>\n\n\n\n<div class=\"wp-block-buttons is-layout-flex wp-block-buttons-is-layout-flex\">\n<div class=\"wp-block-button\"><a class=\"wp-block-button__link wp-element-button\" href=\"https:\/\/parisbaguette.ca\/fr\/menu\/#cakes\">D\u00e9tails<\/a><\/div>\n<\/div>\n<\/div><\/div>\n<\/div><\/div>\n<\/div><\/div>\n\n\n\n<hr class=\"wp-block-separator has-alpha-channel-opacity is-style-dots\"\/>\n\n\n\n<div class=\"wp-block-genesis-blocks-gb-columns gb-layout-columns-2 gb-2-col-wideright\"><div class=\"gb-layout-column-wrap gb-block-layout-column-gap-2 gb-is-responsive-column\">\n<div class=\"wp-block-genesis-blocks-gb-column gb-block-layout-column\"><div class=\"gb-block-layout-column-inner\">\n<figure class=\"wp-block-image size-full\"><img decoding=\"async\" src=\"https:\/\/parisbaguette.ca\/wp-content\/uploads\/2024\/04\/icon-catering.svg\" alt=\"\" class=\"wp-image-190\"\/><\/figure>\n<\/div><\/div>\n\n\n\n<div class=\"wp-block-genesis-blocks-gb-column gb-block-layout-column\"><div class=\"gb-block-layout-column-inner\">\n<h3 class=\"wp-block-heading\" style=\"font-size:32px\">Restauration<\/h3>\n\n\n\n<p style=\"line-height:1.25\">Alimentez votre rassemblement avec Paris Baguette.<\/p>\n\n\n\n<div class=\"wp-block-group links\"><div class=\"wp-block-group__inner-container is-layout-constrained wp-block-group-is-layout-constrained\"><a class=\"order-online\" href=\"https:\/\/catering.parisbaguette.ca\/locations\" target=\"_blank\" rel=\"nofollow noreferrer\">Commandez maintenant<\/a>\n\n\n\n<div class=\"wp-block-buttons is-layout-flex wp-block-buttons-is-layout-flex\">\n<div class=\"wp-block-button\"><a class=\"wp-block-button__link wp-element-button\" href=\"https:\/\/parisbaguette.ca\/fr\/catering\/\">D\u00e9tails<\/a><\/div>\n<\/div>\n<\/div><\/div>\n<\/div><\/div>\n<\/div><\/div>\n<\/div><\/div>\n\n\n\n<div style=\"height:80px\" aria-hidden=\"true\" class=\"wp-block-spacer\"><\/div>\n<\/div><\/div>\n\n\n\n<div class=\"wp-block-group alignfull section welcome has-background\" style=\"background-color:#fffaf3\"><div class=\"wp-block-group__inner-container is-layout-constrained wp-block-group-is-layout-constrained\">\n<div style=\"height:80px\" aria-hidden=\"true\" class=\"wp-block-spacer\"><\/div>\n\n\n\n<div class=\"wp-block-genesis-blocks-gb-container gb-block-container\"><div class=\"gb-container-inside\"><div class=\"gb-container-content\" style=\"max-width:900px\"><style>@media only screen and (max-width: 1200px) {.gb-69fb167ec37dc{font-size: 50px!important;}}@media only screen and (max-width: 600px) {.gb-69fb167ec37dc{font-size: 40px!important;}}<\/style>\n<h2 class=\"gb-69fb167ec37dc wp-block-heading has-text-align-center\" style=\"font-size:60px;line-height:1\">Bienvenue dans votre boulangerie-caf\u00e9 de quartier.<\/h2>\n\n\n\n<div style=\"height:30px\" aria-hidden=\"true\" class=\"wp-block-spacer\"><\/div>\n\n\n<style>@media only screen and (max-width: 600px) {.gb-69fb167ec944c{font-size: 24px!important;}}<\/style>\n<h5 class=\"gb-69fb167ec944c wp-block-heading has-text-align-center\" style=\"font-size:30px;line-height:1.1;text-transform:uppercase\">O\u00f9 les sourires sont servis quotidiennement<\/h5>\n\n\n<style>.gb-69fb167ecc21a{font-size: 24px;}@media only screen and (max-width: 600px) {.gb-69fb167ecc21a{font-size: 21px!important;}}<\/style>\n<p class=\"gb-69fb167ecc21a has-text-align-center has-larger-font-size\" style=\"line-height:1.25\">Savourez de d\u00e9licieuses p\u00e2tisseries, du pain chaud, des g\u00e2teaux \u00e9poustouflants et des boissons savamment pr\u00e9par\u00e9es tout en vous sentant comme chez vous.<\/p>\n\n\n\n<div style=\"height:50px\" aria-hidden=\"true\" class=\"wp-block-spacer\"><\/div>\n\n\n\n<figure class=\"wp-block-video aligncenter bg-break-white hide-controls\"><video height=\"2160\" style=\"aspect-ratio: 3840 \/ 2160;\" width=\"3840\" autoplay controls loop muted src=\"https:\/\/parisbaguette.ca\/wp-content\/uploads\/2025\/03\/PB2025-Brand-Film-30.mp4\" playsinline><\/video><\/figure>\n<\/div><\/div><\/div>\n<\/div><\/div>","protected":false},"excerpt":{"rendered":"","protected":false},"author":2,"featured_media":0,"parent":0,"menu_order":0,"comment_status":"closed","ping_status":"closed","template":"","meta":{"_acf_changed":false,"_genesis_hide_title":true,"_genesis_hide_breadcrumbs":false,"_genesis_hide_singular_image":false,"_genesis_hide_footer_widgets":false,"_genesis_custom_body_class":"transparent-header","_genesis_custom_post_class":"","_genesis_layout":"","footnotes":""},"class_list":{"0":"post-63","1":"page","2":"type-page","3":"status-publish","5":"entry","6":"has-post-thumbnail"},"acf":[],"featured_image_src":null,"featured_image_src_square":null,"jetpack-related-posts":[{"id":91,"url":"https:\/\/parisbaguette.ca\/fr\/about\/","url_meta":{"origin":63,"position":0},"title":"\u00c0 propos","author":"Paris Baguette","date":"avril 15, 2024","format":false,"excerpt":"\u00c0 propos de nous Bienvenue dans votre caf\u00e9-boulangerie de quartier. Heureux de vous voir. Encore plus heureux de vous servir. Vous traiter comme notre voisin, c&#039;est vous offrir le meilleur. C&#039;est pourquoi nous mettons tout notre c\u0153ur dans tout ce que nous faisons. C&#039;est pourquoi les p\u00e2tisseries que nous utilisons ne sont pas seulement un produit, elles sont notre passion.","rel":"","context":"Similar post","block_context":{"text":"Similar post","link":""},"img":{"alt_text":"","src":"https:\/\/i0.wp.com\/parisbaguette.ca\/wp-content\/uploads\/2024\/07\/c9da8ffa7c1844a099b89bc28b4782e8.jpgautoformat2Ccompressq60cstinysrgbw1200h800fitfillfmpng32bgtransparents53540227e34bd80744ae7ad441b32594-150x150.jpg?resize=350%2C200&ssl=1","width":350,"height":200,"srcset":"https:\/\/i0.wp.com\/parisbaguette.ca\/wp-content\/uploads\/2024\/07\/c9da8ffa7c1844a099b89bc28b4782e8.jpgautoformat2Ccompressq60cstinysrgbw1200h800fitfillfmpng32bgtransparents53540227e34bd80744ae7ad441b32594-150x150.jpg?resize=350%2C200&ssl=1 1x, https:\/\/i0.wp.com\/parisbaguette.ca\/wp-content\/uploads\/2024\/07\/c9da8ffa7c1844a099b89bc28b4782e8.jpgautoformat2Ccompressq60cstinysrgbw1200h800fitfillfmpng32bgtransparents53540227e34bd80744ae7ad441b32594-150x150.jpg?resize=525%2C300&ssl=1 1.5x, https:\/\/i0.wp.com\/parisbaguette.ca\/wp-content\/uploads\/2024\/07\/c9da8ffa7c1844a099b89bc28b4782e8.jpgautoformat2Ccompressq60cstinysrgbw1200h800fitfillfmpng32bgtransparents53540227e34bd80744ae7ad441b32594-150x150.jpg?resize=700%2C400&ssl=1 2x, https:\/\/i0.wp.com\/parisbaguette.ca\/wp-content\/uploads\/2024\/07\/c9da8ffa7c1844a099b89bc28b4782e8.jpgautoformat2Ccompressq60cstinysrgbw1200h800fitfillfmpng32bgtransparents53540227e34bd80744ae7ad441b32594-150x150.jpg?resize=1050%2C600&ssl=1 3x"},"classes":[]},{"id":122,"url":"https:\/\/parisbaguette.ca\/fr\/privacy-policy\/","url_meta":{"origin":63,"position":1},"title":"politique de confidentialit\u00e9","author":"Paris Baguette","date":"avril 15, 2024","format":false,"excerpt":"Derni\u00e8re mise \u00e0 jour : 30 novembre 2018 Introduction Paris Baguette (\u201c\u00a0Soci\u00e9t\u00e9\u00a0\u201d ou \u201c\u00a0Nous\u00a0\u201d) respecte votre vie priv\u00e9e et s\u2019engage \u00e0 la prot\u00e9ger conform\u00e9ment \u00e0 la pr\u00e9sente politique. Cette politique d\u00e9crit les types d\u2019informations que nous pouvons recueillir aupr\u00e8s de vous ou que vous pouvez nous fournir lorsque vous consultez le site web parisbaguette.com (notre \u201c\u00a0Site web\u00a0\u201c), nos sites affili\u00e9s\u2026","rel":"","context":"Similar post","block_context":{"text":"Similar post","link":""},"img":{"alt_text":"","src":"","width":0,"height":0},"classes":[]}],"_links":{"self":[{"href":"https:\/\/parisbaguette.ca\/fr\/wp-json\/wp\/v2\/pages\/63","targetHints":{"allow":["GET"]}}],"collection":[{"href":"https:\/\/parisbaguette.ca\/fr\/wp-json\/wp\/v2\/pages"}],"about":[{"href":"https:\/\/parisbaguette.ca\/fr\/wp-json\/wp\/v2\/types\/page"}],"author":[{"embeddable":true,"href":"https:\/\/parisbaguette.ca\/fr\/wp-json\/wp\/v2\/users\/2"}],"replies":[{"embeddable":true,"href":"https:\/\/parisbaguette.ca\/fr\/wp-json\/wp\/v2\/comments?post=63"}],"version-history":[{"count":223,"href":"https:\/\/parisbaguette.ca\/fr\/wp-json\/wp\/v2\/pages\/63\/revisions"}],"predecessor-version":[{"id":13448,"href":"https:\/\/parisbaguette.ca\/fr\/wp-json\/wp\/v2\/pages\/63\/revisions\/13448"}],"wp:attachment":[{"href":"https:\/\/parisbaguette.ca\/fr\/wp-json\/wp\/v2\/media?parent=63"}],"curies":[{"name":"wp","href":"https:\/\/api.w.org\/{rel}","templated":true}]}}